{"id":2301,"date":"2021-04-22T21:04:18","date_gmt":"2021-04-22T21:04:18","guid":{"rendered":"http:\/\/asinteq.com\/?page_id=2301"},"modified":"2021-10-14T02:43:03","modified_gmt":"2021-10-14T02:43:03","slug":"asinteq-3-3","status":"publish","type":"page","link":"https:\/\/asinteq.com\/index.php\/asinteq-3-3\/","title":{"rendered":"Nosotros"},"content":{"rendered":"<p>[et_pb_section fb_built=\u00bb1&#8243; fullwidth=\u00bbon\u00bb _builder_version=\u00bb4.8.0&#8243; _module_preset=\u00bbdefault\u00bb background_image=\u00bbhttps:\/\/asinteq.com\/wp-content\/uploads\/2021\/07\/closeup-view-of-handshake-two-businessmen-in-suits-shaking-hands-scaled-1.jpg\u00bb][et_pb_fullwidth_slider use_bg_overlay=\u00bboff\u00bb _builder_version=\u00bb4.8.0&#8243; _module_preset=\u00bbdefault\u00bb custom_margin=\u00bb||4px|||\u00bb custom_padding=\u00bb198px||158px|||\u00bb animation_style=\u00bbfade\u00bb animation_duration=\u00bb1700ms\u00bb auto=\u00bbon\u00bb auto_ignore_hover=\u00bbon\u00bb locked=\u00bboff\u00bb][et_pb_slide heading=\u00bbASINTEQ\u00bb use_bg_overlay=\u00bbon\u00bb bg_overlay_color=\u00bbrgba(0,0,0,0.63)\u00bb use_text_overlay=\u00bboff\u00bb _builder_version=\u00bb4.8.0&#8243; _module_preset=\u00bbdefault\u00bb background_color=\u00bbRGBA(0,0,0,0)\u00bb background_enable_color=\u00bbon\u00bb background_image=\u00bbhttps:\/\/asinteq.com\/wp-content\/uploads\/2021\/07\/closeup-view-of-handshake-two-businessmen-in-suits-shaking-hands-scaled-1.jpg\u00bb background_enable_image=\u00bbon\u00bb child_filter_brightness=\u00bb24%\u00bb child_filter_sepia=\u00bb83%\u00bb child_filter_opacity=\u00bb16%\u00bb child_filter_blur=\u00bb41px\u00bb locked=\u00bboff\u00bb sticky_transition=\u00bbon\u00bb]<\/p>\n<p><span style=\"color: #ff9900;\"><strong>Nuestros clientes, nuestra prioridad<\/strong><\/span><\/p>\n<p>[\/et_pb_slide][\/et_pb_fullwidth_slider][\/et_pb_section][et_pb_section fb_built=\u00bb1&#8243; custom_padding_last_edited=\u00bbon|tablet\u00bb admin_label=\u00bbHeader\u00bb _builder_version=\u00bb4.8.0&#8243; background_color=\u00bb#d7e2ed\u00bb use_background_color_gradient=\u00bbon\u00bb background_color_gradient_start=\u00bbrgba(255,255,255,0)\u00bb background_color_gradient_end=\u00bb#ffffff\u00bb background_color_gradient_start_position=\u00bb50%\u00bb background_color_gradient_overlays_image=\u00bbon\u00bb background_enable_image=\u00bboff\u00bb background_size=\u00bbcontain\u00bb background_position=\u00bbtop_right\u00bb min_height=\u00bb1113.3px\u00bb custom_margin=\u00bb-7px||-2px|||\u00bb custom_padding=\u00bb4px||1vw|||\u00bb custom_padding_tablet=\u00bb||5vw\u00bb custom_padding_phone=\u00bb\u00bb locked=\u00bboff\u00bb][et_pb_row _builder_version=\u00bb4.8.0&#8243; _module_preset=\u00bbdefault\u00bb custom_padding=\u00bb45px|||||\u00bb][et_pb_column type=\u00bb4_4&#8243; _builder_version=\u00bb4.8.0&#8243; _module_preset=\u00bbdefault\u00bb][et_pb_text _builder_version=\u00bb4.8.0&#8243; _module_preset=\u00bbdefault\u00bb custom_padding=\u00bb||0px|||\u00bb hover_enabled=\u00bb0&#8243; sticky_enabled=\u00bb0&#8243;]<\/p>\n<h2>Historia<\/h2>\n<p style=\"text-align: justify;\"><span><strong>ASINTEQ<\/strong> es una empresa 100% mexicana fundada en el a\u00f1o 2018, dando servicio al sector industrial y comercial, en la Gesti\u00f3n Integral de plagas; logrando el reconocimiento y lealtad de nuestros clientes. En el 2020 nos incorporamos al Plan del Manejo y recolecci\u00f3n de envases vac\u00edos de plaguicidas; reiterando nuestro compromiso con el medio ambiente. As\u00ed mismo, integramos el servicio de desinfecci\u00f3n y sanitizaci\u00f3n; ofreciendo una alta calidad que nos precede.<\/span><\/p>\n<p>[\/et_pb_text][et_pb_text _builder_version=\u00bb4.8.0&#8243; _module_preset=\u00bbdefault\u00bb]<\/p>\n<h2>\u00bfPor qu\u00e9 elegir ASINTEQ?<\/h2>\n<ol>\n<li>Somos un equipo de profesionales especializados en el \u00e1rea de control de plagas, limpieza, desinfecci\u00f3n y asesor\u00edas.<\/li>\n<li>Damos soluciones integrales a nuestros clientes mediante un diagn\u00f3stico y respuesta acorde a sus necesidades con respecto a la normatividad vigente y las \u00a0 \u00a0 regulaciones emitidas por secretaria de salud.<\/li>\n<li>Mantenemos la comunicaci\u00f3n activa y efectiva sobre los resultados del programa de control de plagas, limpieza y desinfecci\u00f3n, brindamos asesor\u00edas, apoyos en \u00a0 auditorias y atendemos emergencias en un plazo no mayor a 24hrs.<\/li>\n<li>Cuidamos el medio ambiente utilizando productos biodegradables.<\/li>\n<li>Emitimos documentaci\u00f3n de los servicios realizados, avalada por COFEPRIS y diversas normativas nacionales e internacionales.<\/li>\n<li>Servicio garantizado<\/li>\n<li><span style=\"font-size: 14px;\">Superamos sus expectativas.<\/span><\/li>\n<\/ol>\n<p>[\/et_pb_text][et_pb_text _builder_version=\u00bb4.8.0&#8243; _module_preset=\u00bbdefault\u00bb]<\/p>\n<h2>\u00bfC\u00f3mo trabajamos?<\/h2>\n<p>Nuestros clientes son nuestra prioridad, es por ello que proporcionamos un servicio y atenci\u00f3n integral.<\/p>\n<p>El procedimiento en general de atenci\u00f3n se realiza de la siguiente manera:<\/p>\n<ol>\n<li>Usted nos contacta<\/li>\n<li>Se realiza evaluaci\u00f3n del problema<\/li>\n<li>Emitimos un diagn\u00f3stico<\/li>\n<li>Dise\u00f1amos propuesta operativa personalizada<\/li>\n<li><span>Aceptaci\u00f3n de cotizaci\u00f3n o propuesta<\/span><span><\/span><\/li>\n<li>Ejecutamos la soluci\u00f3n<\/li>\n<li>Damos seguimiento para evaluar resultados<\/li>\n<\/ol>\n<p>[\/et_pb_text][\/et_pb_column][\/et_pb_row][et_pb_row column_structure=\u00bb1_2,1_2&#8243; _builder_version=\u00bb4.8.0&#8243; _module_preset=\u00bbdefault\u00bb custom_padding=\u00bb30px|||||\u00bb][et_pb_column type=\u00bb1_2&#8243; _builder_version=\u00bb4.8.0&#8243; _module_preset=\u00bbdefault\u00bb][et_pb_text _builder_version=\u00bb4.8.0&#8243; _module_preset=\u00bbdefault\u00bb]<\/p>\n<h2>Misi\u00f3n<\/h2>\n<p style=\"text-align: justify;\">Ofrecer al sector industrial y comercial, soluciones en el control de plagas, desinfecci\u00f3n y sanitizaci\u00f3n para salvaguardar los bienes y la salud de nuestros clientes, mediante la implementaci\u00f3n de sistemas espec\u00edficos de acuerdo a sus necesidades.<\/p>\n<h2>Visi\u00f3n<\/h2>\n<p><span>Ser una empresa competitiva , confiable y con los mayores est\u00e1ndares de calidad a nivel nacional, brindando <\/span><span>servicio integral en control de plagas, seguridad industrial, asesor\u00edas, buenas pr\u00e1cticas de manufactura y desinfecci\u00f3n; en los diferentes sectores: productivos, industriales, comerciales y residenciales.<\/span><\/p>\n<h2>Servicios<\/h2>\n<p>Brindamos soluciones integrales a sus problemas de desinfecci\u00f3n\/sanitizaci\u00f3n y control de plagas, mediante un diagn\u00f3stico efectivo, dise\u00f1ando un programa de tratamiento acorde a sus necesidades, ofreciendo un trato personal y seguimiento oportuno, con la finalidad de garantizarle resultados.<br \/>Cursos de diversas normativas y buenas pr\u00e1cticas en diferentes sectores. <br \/>Realizamos asesor\u00edas contables, financieras y administrativas.<\/p>\n<p style=\"text-align: justify;\">\n<p>[\/et_pb_text][\/et_pb_column][et_pb_column type=\u00bb1_2&#8243; _builder_version=\u00bb4.8.0&#8243; _module_preset=\u00bbdefault\u00bb][et_pb_text _builder_version=\u00bb4.8.0&#8243; _module_preset=\u00bbdefault\u00bb custom_margin=\u00bb39px|||||\u00bb]<\/p>\n<p style=\"text-align: justify;\"><strong>ASINTEQ<\/strong> cuenta con personal que se capacita constantemente en el \u00e1rea y utiliza productos y equipos de \u00faltima generaci\u00f3n.<\/p>\n<p style=\"text-align: justify;\">1.- Servicio en el manejo integral de plagas industrial y comercial:<\/p>\n<ul style=\"text-align: justify;\">\n<li>Insectos rastreros<\/li>\n<li>Insectos voladores<\/li>\n<li>Roedores<\/li>\n<li>Reubicaci\u00f3n de fauna<\/li>\n<\/ul>\n<p style=\"text-align: justify;\">2.- Servicio de desinfecci\u00f3n y sanitizaci\u00f3n industrial y comercial.<\/p>\n<p style=\"text-align: justify;\"><b><\/b>3.- Venta de productos desinfectantes para uso diario, que podr\u00e1 utilizar en su casa, industria, comercio, etc.<\/p>\n<p style=\"text-align: justify;\"><span>4.-\u00a0<\/span><span>Capacitaciones en diversas normativas.<\/span><\/p>\n<p style=\"text-align: left;\"><span>5.-\u00a0<\/span><span>Asesor\u00edas contables, financieras y administrativas.<\/span><\/p>\n<p>[\/et_pb_text][\/et_pb_column][\/et_pb_row][et_pb_row _builder_version=\u00bb4.8.0&#8243; _module_preset=\u00bbdefault\u00bb][et_pb_column type=\u00bb4_4&#8243; _builder_version=\u00bb4.8.0&#8243; _module_preset=\u00bbdefault\u00bb][et_pb_text _builder_version=\u00bb4.8.0&#8243; _module_preset=\u00bbdefault\u00bb]<\/p>\n<h2 style=\"text-align: center;\">Valores<\/h2>\n<p>[\/et_pb_text][et_pb_image src=\u00bbhttps:\/\/asinteq.com\/wp-content\/uploads\/2021\/09\/valores-1.png\u00bb title_text=\u00bbvalores\u00bb _builder_version=\u00bb4.8.0&#8243; _module_preset=\u00bbdefault\u00bb][\/et_pb_image][\/et_pb_column][\/et_pb_row][\/et_pb_section]<\/p>\n","protected":false},"excerpt":{"rendered":"<p>[et_pb_section fb_built=\u00bb1&#8243; fullwidth=\u00bbon\u00bb _builder_version=\u00bb4.8.0&#8243; _module_preset=\u00bbdefault\u00bb background_image=\u00bbhttps:\/\/asinteq.com\/wp-content\/uploads\/2021\/07\/closeup-view-of-handshake-two-businessmen-in-suits-shaking-hands-scaled-1.jpg\u00bb][et_pb_fullwidth_slider use_bg_overlay=\u00bboff\u00bb _builder_version=\u00bb4.8.0&#8243; _module_preset=\u00bbdefault\u00bb custom_margin=\u00bb||4px|||\u00bb custom_padding=\u00bb198px||158px|||\u00bb animation_style=\u00bbfade\u00bb animation_duration=\u00bb1700ms\u00bb auto=\u00bbon\u00bb auto_ignore_hover=\u00bbon\u00bb locked=\u00bboff\u00bb][et_pb_slide heading=\u00bbASINTEQ\u00bb use_bg_overlay=\u00bbon\u00bb bg_overlay_color=\u00bbrgba(0,0,0,0.63)\u00bb use_text_overlay=\u00bboff\u00bb _builder_version=\u00bb4.8.0&#8243; _module_preset=\u00bbdefault\u00bb background_color=\u00bbRGBA(0,0,0,0)\u00bb background_enable_color=\u00bbon\u00bb background_image=\u00bbhttps:\/\/asinteq.com\/wp-content\/uploads\/2021\/07\/closeup-view-of-handshake-two-businessmen-in-suits-shaking-hands-scaled-1.jpg\u00bb background_enable_image=\u00bbon\u00bb child_filter_brightness=\u00bb24%\u00bb child_filter_sepia=\u00bb83%\u00bb child_filter_opacity=\u00bb16%\u00bb child_filter_blur=\u00bb41px\u00bb locked=\u00bboff\u00bb sticky_transition=\u00bbon\u00bb] Nuestros clientes, nuestra prioridad [\/et_pb_slide][\/et_pb_fullwidth_slider][\/et_pb_section][et_pb_section fb_built=\u00bb1&#8243; custom_padding_last_edited=\u00bbon|tablet\u00bb admin_label=\u00bbHeader\u00bb _builder_version=\u00bb4.8.0&#8243; background_color=\u00bb#d7e2ed\u00bb use_background_color_gradient=\u00bbon\u00bb background_color_gradient_start=\u00bbrgba(255,255,255,0)\u00bb background_color_gradient_end=\u00bb#ffffff\u00bb background_color_gradient_start_position=\u00bb50%\u00bb background_color_gradient_overlays_image=\u00bbon\u00bb background_enable_image=\u00bboff\u00bb background_size=\u00bbcontain\u00bb background_position=\u00bbtop_right\u00bb min_height=\u00bb1113.3px\u00bb custom_margin=\u00bb-7px||-2px|||\u00bb custom_padding=\u00bb4px||1vw|||\u00bb custom_padding_tablet=\u00bb||5vw\u00bb custom_padding_phone=\u00bb\u00bb [&hellip;]<\/p>\n","protected":false},"author":1,"featured_media":0,"parent":0,"menu_order":0,"comment_status":"closed","ping_status":"closed","template":"","meta":{"_et_pb_use_builder":"on","_et_pb_old_content":"","_et_gb_content_width":""},"_links":{"self":[{"href":"https:\/\/asinteq.com\/index.php\/wp-json\/wp\/v2\/pages\/2301"}],"collection":[{"href":"https:\/\/asinteq.com\/index.php\/wp-json\/wp\/v2\/pages"}],"about":[{"href":"https:\/\/asinteq.com\/index.php\/wp-json\/wp\/v2\/types\/page"}],"author":[{"embeddable":true,"href":"https:\/\/asinteq.com\/index.php\/wp-json\/wp\/v2\/users\/1"}],"replies":[{"embeddable":true,"href":"https:\/\/asinteq.com\/index.php\/wp-json\/wp\/v2\/comments?post=2301"}],"version-history":[{"count":49,"href":"https:\/\/asinteq.com\/index.php\/wp-json\/wp\/v2\/pages\/2301\/revisions"}],"predecessor-version":[{"id":3127,"href":"https:\/\/asinteq.com\/index.php\/wp-json\/wp\/v2\/pages\/2301\/revisions\/3127"}],"wp:attachment":[{"href":"https:\/\/asinteq.com\/index.php\/wp-json\/wp\/v2\/media?parent=2301"}],"curies":[{"name":"wp","href":"https:\/\/api.w.org\/{rel}","templated":true}]}}