{"id":2716,"date":"2021-07-04T02:23:26","date_gmt":"2021-07-04T02:23:26","guid":{"rendered":"https:\/\/asinteq.com\/?page_id=2716"},"modified":"2021-10-14T02:13:00","modified_gmt":"2021-10-14T02:13:00","slug":"asinteq-3-3-2-3","status":"publish","type":"page","link":"https:\/\/asinteq.com\/index.php\/asinteq-3-3-2-3\/","title":{"rendered":"Limpieza y desinfecci\u00f3n"},"content":{"rendered":"<p>[et_pb_section fb_built=\u00bb1&#8243; fullwidth=\u00bbon\u00bb _builder_version=\u00bb4.8.0&#8243; _module_preset=\u00bbdefault\u00bb background_enable_image=\u00bboff\u00bb][et_pb_fullwidth_slider use_bg_overlay=\u00bboff\u00bb _builder_version=\u00bb4.8.0&#8243; _module_preset=\u00bbdefault\u00bb custom_margin=\u00bb||4px|||\u00bb custom_padding=\u00bb198px||158px|||\u00bb animation_style=\u00bbfade\u00bb animation_duration=\u00bb1700ms\u00bb auto=\u00bbon\u00bb auto_ignore_hover=\u00bbon\u00bb locked=\u00bboff\u00bb][et_pb_slide heading=\u00bbLIMPIEZA Y DESINFECCI\u00d3N\u00bb use_bg_overlay=\u00bbon\u00bb bg_overlay_color=\u00bbrgba(0,0,0,0.63)\u00bb use_text_overlay=\u00bboff\u00bb _builder_version=\u00bb4.8.0&#8243; _module_preset=\u00bbdefault\u00bb background_color=\u00bbRGBA(0,0,0,0)\u00bb background_enable_color=\u00bbon\u00bb background_image=\u00bbhttps:\/\/asinteq.com\/wp-content\/uploads\/2021\/07\/cleaning-and-disinfection-amid-the-coronavirus-epi-W4B2FCY-scaled.jpg\u00bb background_enable_image=\u00bbon\u00bb child_filter_brightness=\u00bb24%\u00bb child_filter_sepia=\u00bb83%\u00bb child_filter_opacity=\u00bb16%\u00bb child_filter_blur=\u00bb41px\u00bb locked=\u00bboff\u00bb sticky_transition=\u00bbon\u00bb]<\/p>\n<p><span style=\"color: #ff9900;\"><strong>\u201cCreamos entornos seguros, <\/strong><strong>eliminado virus y bacterias\u201d<\/strong> <\/span><span><\/span><\/p>\n<p>[\/et_pb_slide][\/et_pb_fullwidth_slider][\/et_pb_section][et_pb_section fb_built=\u00bb1&#8243; _builder_version=\u00bb4.8.0&#8243; _module_preset=\u00bbdefault\u00bb use_background_color_gradient=\u00bbon\u00bb background_color_gradient_start=\u00bb#b1c6d8&#8243; background_color_gradient_end=\u00bb#ffffff\u00bb custom_margin=\u00bb-5px|||||\u00bb custom_padding=\u00bb13px||6px|||\u00bb][et_pb_row _builder_version=\u00bb4.8.0&#8243; _module_preset=\u00bbdefault\u00bb custom_padding=\u00bb0px|||||\u00bb][et_pb_column type=\u00bb4_4&#8243; _builder_version=\u00bb4.8.0&#8243; _module_preset=\u00bbdefault\u00bb][et_pb_text _builder_version=\u00bb4.8.0&#8243; _module_preset=\u00bbdefault\u00bb custom_margin=\u00bb29px|||||\u00bb custom_padding=\u00bb||0px|||\u00bb hover_enabled=\u00bb0&#8243; sticky_enabled=\u00bb0&#8243;]<\/p>\n<h2>Limpieza y desinfecci\u00f3n<\/h2>\n<p><span>Los microorganismos pat\u00f3genos ponen en riesgo la salud y seguridad de las personas, por ello es de suma importancia su control y reducci\u00f3n.<\/span><\/p>\n<p><span>Una correcta desinfecci\u00f3n salvaguarda la salud de las personas, haciendo que los m\u00e9todos de prevenci\u00f3n, protecci\u00f3n y eliminaci\u00f3n de pat\u00f3genos sean esenciales para alcanzar un 99.9% de eliminaci\u00f3n <strong>generando un entorno seguro.<\/strong><\/span><\/p>\n<p><strong><span>La Limpieza <\/span><\/strong>e<span>s la acci\u00f3n o efecto de eliminaci\u00f3n de los residuos de suciedad (materia org\u00e1nica) mediante m\u00e9todos f\u00edsicos o qu\u00edmicos, que est\u00e1n presentes en un lugar determinado (superficies), lo cuales pueden tener pat\u00f3genos de importancia m\u00e9dica.<\/span><\/p>\n<p><span><strong>Desinfecci\u00f3n<\/strong>\u00a0<\/span><span>es un proceso qu\u00edmico que elimina o erradica los microorganismos como son bacterias, virus, hongos, levaduras y par\u00e1sitos impidiendo su crecimiento <\/span><span>en<\/span><span>un lugar determinado.<\/span><\/p>\n<p>[\/et_pb_text][\/et_pb_column][\/et_pb_row][\/et_pb_section][et_pb_section fb_built=\u00bb1&#8243; fullwidth=\u00bbon\u00bb _builder_version=\u00bb4.8.0&#8243; _module_preset=\u00bbdefault\u00bb][et_pb_fullwidth_header _builder_version=\u00bb4.8.0&#8243; _module_preset=\u00bbdefault\u00bb background_color=\u00bbrgba(0,0,0,0.39)\u00bb background_image=\u00bbhttps:\/\/asinteq.com\/wp-content\/uploads\/2021\/07\/cleaning-workers-disinfecting-windows-in-office-U4LB3XQ-scaled.jpg\u00bb parallax=\u00bbon\u00bb custom_padding=\u00bb174px||214px|||\u00bb][\/et_pb_fullwidth_header][\/et_pb_section][et_pb_section fb_built=\u00bb1&#8243; _builder_version=\u00bb4.8.0&#8243; _module_preset=\u00bbdefault\u00bb custom_padding=\u00bb4px|||||\u00bb][et_pb_row _builder_version=\u00bb4.8.0&#8243; _module_preset=\u00bbdefault\u00bb custom_padding=\u00bb15px||4px|||\u00bb][et_pb_column type=\u00bb4_4&#8243; _builder_version=\u00bb4.8.0&#8243; _module_preset=\u00bbdefault\u00bb][et_pb_text _builder_version=\u00bb4.8.0&#8243; _module_preset=\u00bbdefault\u00bb custom_margin=\u00bb11px|||||\u00bb custom_padding=\u00bb||0px|||\u00bb]<\/p>\n<h2>Microorganismos<\/h2>\n<p style=\"text-align: justify;\"><span>Son aquellos organismos que, por su tama\u00f1o reducido, son imperceptibles a la vista. Estos organismos cuentan con una organizaci\u00f3n biol\u00f3gica muy b\u00e1sica: una proporci\u00f3n importante de ellos cuentan con apenas una \u00fanica c\u00e9lula. Adem\u00e1s, se caracterizan por existir numerosas variedades, de diferentes formas y tama\u00f1os.<\/span><\/p>\n<ul>\n<li>\n<p class=\"et_pb_toggle_title\">\u00a0Tama\u00f1o reducido, son imperceptibles a simple vista.<\/p>\n<\/li>\n<li>\n<p class=\"et_pb_toggle_title\">Reacciones metab\u00f3licas veloces.<\/p>\n<\/li>\n<li>\n<p class=\"et_pb_toggle_title\">Desarrollan mecanismos de dispersi\u00f3n y de resistencia.<\/p>\n<\/li>\n<li>\n<p class=\"et_pb_toggle_title\">Capacidad de alterar el medio en el cual se encuentran.<\/p>\n<\/li>\n<li>\n<p class=\"et_pb_toggle_title\">Se reproducen a una gran velocidad.<\/p>\n<\/li>\n<li>\n<p class=\"et_pb_toggle_title\">Su actividad es indispensable para la vida en el planeta.<\/p>\n<\/li>\n<li>\n<p class=\"et_pb_toggle_title\">Son parte de los ciclos bioqu\u00edmicos que se llevan en la naturaleza.<\/p>\n<\/li>\n<li>\n<p class=\"et_pb_toggle_title\">Algunos son causantes de enfermedades de importancia m\u00e9dica.<\/p>\n<\/li>\n<\/ul>\n<p>[\/et_pb_text][et_pb_text _builder_version=\u00bb4.8.0&#8243; _module_preset=\u00bbdefault\u00bb custom_margin=\u00bb-22px||42px|||\u00bb custom_padding=\u00bb12px|||||\u00bb]<\/p>\n<h2><span>Virus<\/span><\/h2>\n<p style=\"text-align: justify;\"><span>Un\u00a0<\/span><span>virus<\/span><span>\u00a0es una part\u00edcula de c\u00f3digo gen\u00e9tico, ADN o ARN, encapsulada en una ves\u00edcula de prote\u00ednas. Los\u00a0<\/span><span>virus<\/span><span>\u00a0no se pueden replicar por s\u00ed solos. Necesitan infectar c\u00e9lulas y usar los componentes de la c\u00e9lula hu\u00e9sped para hacer copias de s\u00ed mismos. <\/span><span>Los\u00a0virus\u00a0son responsables de causar muchas\u00a0enfermedades. <\/span><\/p>\n<p style=\"text-align: justify;\"><span>El coronavirus es un grupo de virus que causan enfermedades que van desde el resfriado com\u00fan hasta enfermedades m\u00e1s graves como neumon\u00eda, s\u00edndrome respiratorio de Oriente Medio (MERS) y s\u00edndrome respiratorio agudo grave (SARS). <\/span><\/p>\n<p>[\/et_pb_text][et_pb_text _builder_version=\u00bb4.8.0&#8243; _module_preset=\u00bbdefault\u00bb custom_padding=\u00bb15px|||||\u00bb]<\/p>\n<h2 style=\"text-align: center;\">Las \u00e1reas de trabajo<\/h2>\n<p>[\/et_pb_text][\/et_pb_column][\/et_pb_row][et_pb_row column_structure=\u00bb1_4,1_4,1_4,1_4&#8243; _builder_version=\u00bb4.8.0&#8243; _module_preset=\u00bbdefault\u00bb custom_padding=\u00bb23px|||||\u00bb][et_pb_column type=\u00bb1_4&#8243; _builder_version=\u00bb4.8.0&#8243; _module_preset=\u00bbdefault\u00bb][et_pb_team_member name=\u00bbINDUSTRIAS\u00bb image_url=\u00bbhttps:\/\/asinteq.com\/wp-content\/uploads\/2021\/07\/Importancia-de-la-Industria-1.jpg\u00bb _builder_version=\u00bb4.8.0&#8243; _module_preset=\u00bbdefault\u00bb header_font=\u00bb|300|||||||\u00bb header_text_align=\u00bbcenter\u00bb text_orientation=\u00bbcenter\u00bb hover_enabled=\u00bb0&#8243; border_radii_image=\u00bbon|108px|108px|108px|108px\u00bb sticky_enabled=\u00bb0&#8243;][\/et_pb_team_member][\/et_pb_column][et_pb_column type=\u00bb1_4&#8243; _builder_version=\u00bb4.8.0&#8243; _module_preset=\u00bbdefault\u00bb][et_pb_team_member name=\u00bbRESTAURANTES\u00bb image_url=\u00bbhttps:\/\/asinteq.com\/wp-content\/uploads\/2021\/07\/b072ded0-37fe-4560-8ba9-0e3347825a88_alta-libre-aspect-ratio_default_0.jpg\u00bb _builder_version=\u00bb4.8.0&#8243; _module_preset=\u00bbdefault\u00bb header_font=\u00bb|300|||||||\u00bb header_text_align=\u00bbcenter\u00bb text_orientation=\u00bbcenter\u00bb border_radii_image=\u00bbon|108px|108px|108px|108px\u00bb][\/et_pb_team_member][\/et_pb_column][et_pb_column type=\u00bb1_4&#8243; _builder_version=\u00bb4.8.0&#8243; _module_preset=\u00bbdefault\u00bb][et_pb_team_member name=\u00bbCOMERCIOS\u00bb image_url=\u00bbhttps:\/\/asinteq.com\/wp-content\/uploads\/2021\/07\/FGPZK4X2QBGINAAXPIOQ7IYBMU.jpg\u00bb _builder_version=\u00bb4.8.0&#8243; _module_preset=\u00bbdefault\u00bb header_font=\u00bb|300|||||||\u00bb header_text_align=\u00bbcenter\u00bb text_orientation=\u00bbcenter\u00bb border_radii_image=\u00bbon|108px|108px|108px|108px\u00bb][\/et_pb_team_member][\/et_pb_column][et_pb_column type=\u00bb1_4&#8243; _builder_version=\u00bb4.8.0&#8243; _module_preset=\u00bbdefault\u00bb][et_pb_team_member name=\u00bbCASA HABITACI\u00d3N\u00bb image_url=\u00bbhttps:\/\/asinteq.com\/wp-content\/uploads\/2021\/07\/e14747cc0825b886f509cae42f78075e.png\u00bb _builder_version=\u00bb4.8.0&#8243; _module_preset=\u00bbdefault\u00bb header_font=\u00bb|300|||||||\u00bb header_text_align=\u00bbcenter\u00bb text_orientation=\u00bbcenter\u00bb border_radii_image=\u00bbon|108px|108px|108px|108px\u00bb][\/et_pb_team_member][\/et_pb_column][\/et_pb_row][\/et_pb_section][et_pb_section fb_built=\u00bb1&#8243; fullwidth=\u00bbon\u00bb _builder_version=\u00bb4.8.0&#8243; _module_preset=\u00bbdefault\u00bb][et_pb_fullwidth_slider show_arrows=\u00bboff\u00bb show_pagination=\u00bboff\u00bb use_bg_overlay=\u00bbon\u00bb bg_overlay_color=\u00bb#000000&#8243; use_text_overlay=\u00bboff\u00bb _builder_version=\u00bb4.8.0&#8243; _module_preset=\u00bbdefault\u00bb background_image=\u00bbhttps:\/\/asinteq.com\/wp-content\/uploads\/2021\/08\/Captura-de-pantalla-2021-08-03-a-las-13.50.38.png\u00bb parallax=\u00bbon\u00bb custom_margin=\u00bb-44px||-74px||false|false\u00bb custom_padding=\u00bb108px||166px||false|false\u00bb][et_pb_slide use_bg_overlay=\u00bbon\u00bb bg_overlay_color=\u00bbrgba(0,0,0,0.73)\u00bb _builder_version=\u00bb4.8.0&#8243; _module_preset=\u00bbdefault\u00bb sticky_transition=\u00bbon\u00bb]<\/p>\n<h4><strong><span>ASINTEQ\u00a0<\/span><\/strong><span>cuenta con\u00a0<strong>Protocolos\u00a0<\/strong>establecidos para los procesos de\u00a0<strong>Limpieza y Desinfecci\u00f3n\u00a0<\/strong>aprobados por\u00a0<strong>COFEPRIS<\/strong>, que garantizan una desinfecci\u00f3n del 99.9% generando ambientes saludables.<\/span><\/h4>\n<h4><span><\/span><\/h4>\n<h4><span>Si tiene un\u00a0<\/span><span>caso confirmado o sospechoso de COVID-19<\/span><span>\u00a0en tus instalaciones,\u00a0nosotros podemos ayudarle! Contamos con soluciones para desinfectar tus instalaciones contra el COVID-19. Contamos con protocolos aprobados por COFEPRIS para generar entornos saludables. <\/span><\/h4>\n<p>[\/et_pb_slide][\/et_pb_fullwidth_slider][\/et_pb_section]<\/p>\n","protected":false},"excerpt":{"rendered":"<p>[et_pb_section fb_built=\u00bb1&#8243; fullwidth=\u00bbon\u00bb _builder_version=\u00bb4.8.0&#8243; _module_preset=\u00bbdefault\u00bb background_enable_image=\u00bboff\u00bb][et_pb_fullwidth_slider use_bg_overlay=\u00bboff\u00bb _builder_version=\u00bb4.8.0&#8243; _module_preset=\u00bbdefault\u00bb custom_margin=\u00bb||4px|||\u00bb custom_padding=\u00bb198px||158px|||\u00bb animation_style=\u00bbfade\u00bb animation_duration=\u00bb1700ms\u00bb auto=\u00bbon\u00bb auto_ignore_hover=\u00bbon\u00bb locked=\u00bboff\u00bb][et_pb_slide heading=\u00bbLIMPIEZA Y DESINFECCI\u00d3N\u00bb use_bg_overlay=\u00bbon\u00bb bg_overlay_color=\u00bbrgba(0,0,0,0.63)\u00bb use_text_overlay=\u00bboff\u00bb _builder_version=\u00bb4.8.0&#8243; _module_preset=\u00bbdefault\u00bb background_color=\u00bbRGBA(0,0,0,0)\u00bb background_enable_color=\u00bbon\u00bb background_image=\u00bbhttps:\/\/asinteq.com\/wp-content\/uploads\/2021\/07\/cleaning-and-disinfection-amid-the-coronavirus-epi-W4B2FCY-scaled.jpg\u00bb background_enable_image=\u00bbon\u00bb child_filter_brightness=\u00bb24%\u00bb child_filter_sepia=\u00bb83%\u00bb child_filter_opacity=\u00bb16%\u00bb child_filter_blur=\u00bb41px\u00bb locked=\u00bboff\u00bb sticky_transition=\u00bbon\u00bb] \u201cCreamos entornos seguros, eliminado virus y bacterias\u201d [\/et_pb_slide][\/et_pb_fullwidth_slider][\/et_pb_section][et_pb_section fb_built=\u00bb1&#8243; _builder_version=\u00bb4.8.0&#8243; _module_preset=\u00bbdefault\u00bb use_background_color_gradient=\u00bbon\u00bb background_color_gradient_start=\u00bb#b1c6d8&#8243; background_color_gradient_end=\u00bb#ffffff\u00bb custom_margin=\u00bb-5px|||||\u00bb custom_padding=\u00bb13px||6px|||\u00bb][et_pb_row _builder_version=\u00bb4.8.0&#8243; _module_preset=\u00bbdefault\u00bb custom_padding=\u00bb0px|||||\u00bb][et_pb_column type=\u00bb4_4&#8243; _builder_version=\u00bb4.8.0&#8243; [&hellip;]<\/p>\n","protected":false},"author":1,"featured_media":0,"parent":0,"menu_order":0,"comment_status":"closed","ping_status":"closed","template":"","meta":{"_et_pb_use_builder":"on","_et_pb_old_content":"","_et_gb_content_width":""},"_links":{"self":[{"href":"https:\/\/asinteq.com\/index.php\/wp-json\/wp\/v2\/pages\/2716"}],"collection":[{"href":"https:\/\/asinteq.com\/index.php\/wp-json\/wp\/v2\/pages"}],"about":[{"href":"https:\/\/asinteq.com\/index.php\/wp-json\/wp\/v2\/types\/page"}],"author":[{"embeddable":true,"href":"https:\/\/asinteq.com\/index.php\/wp-json\/wp\/v2\/users\/1"}],"replies":[{"embeddable":true,"href":"https:\/\/asinteq.com\/index.php\/wp-json\/wp\/v2\/comments?post=2716"}],"version-history":[{"count":19,"href":"https:\/\/asinteq.com\/index.php\/wp-json\/wp\/v2\/pages\/2716\/revisions"}],"predecessor-version":[{"id":3096,"href":"https:\/\/asinteq.com\/index.php\/wp-json\/wp\/v2\/pages\/2716\/revisions\/3096"}],"wp:attachment":[{"href":"https:\/\/asinteq.com\/index.php\/wp-json\/wp\/v2\/media?parent=2716"}],"curies":[{"name":"wp","href":"https:\/\/api.w.org\/{rel}","templated":true}]}}