{"id":2872,"date":"2021-08-03T18:55:54","date_gmt":"2021-08-03T18:55:54","guid":{"rendered":"https:\/\/asinteq.com\/?page_id=2872"},"modified":"2021-10-14T02:39:01","modified_gmt":"2021-10-14T02:39:01","slug":"asinteq-asesoria","status":"publish","type":"page","link":"https:\/\/asinteq.com\/index.php\/asinteq-asesoria\/","title":{"rendered":"Asesor\u00edas"},"content":{"rendered":"<p>[et_pb_section fb_built=\u00bb1&#8243; fullwidth=\u00bbon\u00bb _builder_version=\u00bb4.8.0&#8243; _module_preset=\u00bbdefault\u00bb background_enable_image=\u00bboff\u00bb][et_pb_fullwidth_slider use_bg_overlay=\u00bboff\u00bb _builder_version=\u00bb4.8.0&#8243; _module_preset=\u00bbdefault\u00bb custom_margin=\u00bb||4px|||\u00bb custom_padding=\u00bb198px||158px|||\u00bb animation_style=\u00bbfade\u00bb animation_duration=\u00bb1700ms\u00bb auto=\u00bbon\u00bb auto_ignore_hover=\u00bbon\u00bb locked=\u00bboff\u00bb][et_pb_slide heading=\u00bbASESOR\u00cdAS\u00bb use_bg_overlay=\u00bbon\u00bb bg_overlay_color=\u00bbrgba(0,0,0,0.63)\u00bb use_text_overlay=\u00bboff\u00bb _builder_version=\u00bb4.8.0&#8243; _module_preset=\u00bbdefault\u00bb background_color=\u00bbRGBA(0,0,0,0)\u00bb background_enable_color=\u00bbon\u00bb background_image=\u00bbhttps:\/\/asinteq.com\/wp-content\/uploads\/2021\/08\/Captura-de-pantalla-2021-08-03-a-las-13.46.45.png\u00bb background_enable_image=\u00bbon\u00bb child_filter_brightness=\u00bb24%\u00bb child_filter_sepia=\u00bb83%\u00bb child_filter_opacity=\u00bb16%\u00bb child_filter_blur=\u00bb41px\u00bb locked=\u00bboff\u00bb sticky_transition=\u00bbon\u00bb]<\/p>\n<p><span style=\"color: #ff9900;\"><strong>ASINTEQ, <u>Tu proveedor de confianza<\/u><\/strong><\/span><\/p>\n<p>[\/et_pb_slide][\/et_pb_fullwidth_slider][\/et_pb_section][et_pb_section fb_built=\u00bb1&#8243; _builder_version=\u00bb4.8.0&#8243; _module_preset=\u00bbdefault\u00bb use_background_color_gradient=\u00bbon\u00bb background_color_gradient_start=\u00bb#b1c6d8&#8243; background_color_gradient_end=\u00bb#ffffff\u00bb custom_margin=\u00bb-5px|||||\u00bb custom_padding=\u00bb13px||11px|||\u00bb][et_pb_row column_structure=\u00bb1_5,3_5,1_5&#8243; _builder_version=\u00bb4.8.0&#8243; _module_preset=\u00bbdefault\u00bb][et_pb_column type=\u00bb1_5&#8243; _builder_version=\u00bb4.8.0&#8243; _module_preset=\u00bbdefault\u00bb][\/et_pb_column][et_pb_column type=\u00bb3_5&#8243; _builder_version=\u00bb4.8.0&#8243; _module_preset=\u00bbdefault\u00bb][et_pb_text _builder_version=\u00bb4.8.0&#8243; _module_preset=\u00bbdefault\u00bb custom_padding=\u00bb||0px|||\u00bb custom_margin=\u00bb||8px|||\u00bb]<\/p>\n<ul>\n<li><span>Contamos con personal capacitado<\/span><\/li>\n<li><span>Nuestros temas de especializaci\u00f3n son:<\/span>\n<ul>\n<li><span>Buenas pr\u00e1cticas de manufactura<\/span><\/li>\n<li><span>Calidad<\/span><\/li>\n<li><span>Sistema de gesti\u00f3n de la calidad<\/span><\/li>\n<li><span>Implementaci\u00f3n del sistema SGA<\/span><\/li>\n<li><span>Contabilidad e impuestos<\/span><\/li>\n<li><span>Tr\u00e1mites de licencia de funcionamiento<\/span><\/li>\n<li><span>Tr\u00e1mites de visto bueno de protecci\u00f3n civil<\/span><\/li>\n<\/ul>\n<\/li>\n<\/ul>\n<p>[\/et_pb_text][et_pb_image src=\u00bbhttps:\/\/asinteq.com\/wp-content\/uploads\/2021\/05\/asesoria-consultoria.jpg\u00bb title_text=\u00bbasesoria-consultoria\u00bb align=\u00bbcenter\u00bb force_fullwidth=\u00bbon\u00bb _builder_version=\u00bb4.8.0&#8243; _module_preset=\u00bbdefault\u00bb custom_padding=\u00bb9px|||||\u00bb hover_enabled=\u00bb0&#8243; sticky_enabled=\u00bb0&#8243;][\/et_pb_image][et_pb_text _builder_version=\u00bb4.8.0&#8243; _module_preset=\u00bbdefault\u00bb custom_margin=\u00bb||17px|||\u00bb]<\/p>\n<h3>Capacitaciones<\/h3>\n<p>Es conveniente tener un departamento de seguridad e higiene estructurado, ya que hoy en d\u00eda es fundamental contar con una cultura organizacional que proporcione seguridad y prevenci\u00f3n; que genere un autocuidado hacia el colaborador y la entidad, as\u00ed como de los procesos ejecutados, bajo un aspecto responsable; con lo cual se obtiene de manera progresiva comportamientos y buenas pr\u00e1cticas en el \u00e1mbito.<\/p>\n<p>Servicios que ofrecemos:<\/p>\n<ul>\n<li>Buenas pr\u00e1cticas de procesamiento de alimentos<\/li>\n<li>Buenas pr\u00e1cticas de manufactura<\/li>\n<li>Buenas pr\u00e1cticas de almacenamiento<\/li>\n<li>Buenas pr\u00e1cticas de laboratorio<\/li>\n<li>Cumplimento de normatividad legal para funcionamiento de la entidad<\/li>\n<li>Capacitaci\u00f3n para la continuidad de apertura de negocios (regulaci\u00f3n COVID)<\/li>\n<\/ul>\n<p>[\/et_pb_text][et_pb_image src=\u00bbhttps:\/\/asinteq.com\/wp-content\/uploads\/2021\/08\/Captura-de-pantalla-2021-08-03-a-las-17.18.40.png\u00bb title_text=\u00bbCaptura de pantalla 2021-08-03 a la(s) 17.18.40&#8243; align=\u00bbcenter\u00bb force_fullwidth=\u00bbon\u00bb _builder_version=\u00bb4.8.0&#8243; _module_preset=\u00bbdefault\u00bb custom_padding=\u00bb11px|||||\u00bb][\/et_pb_image][et_pb_text _builder_version=\u00bb4.8.0&#8243; _module_preset=\u00bbdefault\u00bb custom_margin=\u00bb||6px|||\u00bb]<\/p>\n<h3>Tr\u00e1mites<\/h3>\n<p>El desconocimiento de procedimientos al crear o contar con una empresa, genera informalidad ante varias instancias gubernamenamentales, por lo que es necesario que estas est\u00e9n correctamente reguladas, es por eso que realizamos los servicios de tramitaci\u00f3n de:<\/p>\n<p>&nbsp;<\/p>\n<ul>\n<li>Licencia de funcionamiento<\/li>\n<li>Licencia sanitaria<\/li>\n<li>Visto bueno de protecci\u00f3n civil.<\/li>\n<li>Tr\u00e1mites ante el SAT<\/li>\n<\/ul>\n<p>[\/et_pb_text][et_pb_image src=\u00bbhttps:\/\/asinteq.com\/wp-content\/uploads\/2021\/08\/Captura-de-pantalla-2021-08-03-a-las-17.22.45.png\u00bb title_text=\u00bbCaptura de pantalla 2021-08-03 a la(s) 17.22.45&#8243; align=\u00bbcenter\u00bb force_fullwidth=\u00bbon\u00bb _builder_version=\u00bb4.8.0&#8243; _module_preset=\u00bbdefault\u00bb custom_padding=\u00bb9px|||||\u00bb][\/et_pb_image][et_pb_text _builder_version=\u00bb4.8.0&#8243; _module_preset=\u00bbdefault\u00bb]<\/p>\n<h3>Contabilidad<\/h3>\n<p>Hoy en d\u00eda es necesario contar con la informaci\u00f3n veraz y oportuna en la toma de decisiones importantes con relaci\u00f3n al buen manejo y funcionamiento de la entidad econ\u00f3mica. Al contar con asesor\u00edas se logra un mejor control y el cumplimiento de obligaciones en tiempo y forma de acuerdo a la legislatura vigente.<\/p>\n<p>Uno de los aspectos m\u00e1s transcendentales es contar con una estructura que permita la generaci\u00f3n de evidencia suficiente y competente, misma que conlleva a un mejor manejo de la organizaci\u00f3n.<\/p>\n<p>Contamos con un equipo de profesionales capacitados en \u00e1reas de administraci\u00f3n, contabilidad y fiscal.<\/p>\n<p>Los servicios que ofrecemos:<\/p>\n<p><u>Administrativo:<\/u><\/p>\n<ul>\n<li>Diagn\u00f3stico<\/li>\n<li>Dise\u00f1o de estructura administrativa<\/li>\n<li>Reestructura administrativa<\/li>\n<li>Soluciones acordes a las necesidades de la entidad<\/li>\n<\/ul>\n<p>\u00a0<u>Contable:<\/u><\/p>\n<ul>\n<li>Diagn\u00f3stico<\/li>\n<li>Dise\u00f1o de estructura contable<\/li>\n<li>Reestructura contable<\/li>\n<li>Soluciones acordes a las necesidades de la entidad<\/li>\n<\/ul>\n<p>\u00a0<u>Fiscal:<\/u><\/p>\n<ul>\n<li>Diagn\u00f3stico<\/li>\n<li>Integraci\u00f3n de expediente fiscal<\/li>\n<li>Actualizaci\u00f3n fiscal<\/li>\n<li>Cumplimiento de obligaciones<\/li>\n<\/ul>\n<p>[\/et_pb_text][\/et_pb_column][et_pb_column type=\u00bb1_5&#8243; _builder_version=\u00bb4.8.0&#8243; _module_preset=\u00bbdefault\u00bb][\/et_pb_column][\/et_pb_row][\/et_pb_section][et_pb_section fb_built=\u00bb1&#8243; fullwidth=\u00bbon\u00bb _builder_version=\u00bb4.8.0&#8243; _module_preset=\u00bbdefault\u00bb][et_pb_fullwidth_header _builder_version=\u00bb4.8.0&#8243; _module_preset=\u00bbdefault\u00bb background_color=\u00bb#6B6B6B\u00bb]<\/p>\n<h2 style=\"text-align: center;\">Cont\u00e1ctanos<\/h2>\n<p style=\"text-align: center;\">Solicita tu cotizaci\u00f3n o inspecci\u00f3n mediante una llamada, WhatsApp o correo electr\u00f3nico y te atenderemos hoy mismo.\u00a0Aceptamos pagos en efectivo, transferencia o con tarjeta de cr\u00e9dito o d\u00e9bito.<\/p>\n<h2 style=\"text-align: center;\"><\/h2>\n<h2 style=\"text-align: center;\"><\/h2>\n<h2 style=\"text-align: center;\">Garant\u00eda<\/h2>\n<p style=\"text-align: center;\">Estamos tan seguros de nuestros tratamientos para el control de plagas, que ASINTEQ te garantiza que con el tratamiento propuesto el problema de plaga se va a eliminar de lo contrario, ASINTEQ cubre las aplicaciones necesarias hasta eliminar el problema.<\/p>\n<p>[\/et_pb_fullwidth_header][\/et_pb_section]<\/p>\n","protected":false},"excerpt":{"rendered":"<p>[et_pb_section fb_built=\u00bb1&#8243; fullwidth=\u00bbon\u00bb _builder_version=\u00bb4.8.0&#8243; _module_preset=\u00bbdefault\u00bb background_enable_image=\u00bboff\u00bb][et_pb_fullwidth_slider use_bg_overlay=\u00bboff\u00bb _builder_version=\u00bb4.8.0&#8243; _module_preset=\u00bbdefault\u00bb custom_margin=\u00bb||4px|||\u00bb custom_padding=\u00bb198px||158px|||\u00bb animation_style=\u00bbfade\u00bb animation_duration=\u00bb1700ms\u00bb auto=\u00bbon\u00bb auto_ignore_hover=\u00bbon\u00bb locked=\u00bboff\u00bb][et_pb_slide heading=\u00bbASESOR\u00cdAS\u00bb use_bg_overlay=\u00bbon\u00bb bg_overlay_color=\u00bbrgba(0,0,0,0.63)\u00bb use_text_overlay=\u00bboff\u00bb _builder_version=\u00bb4.8.0&#8243; _module_preset=\u00bbdefault\u00bb background_color=\u00bbRGBA(0,0,0,0)\u00bb background_enable_color=\u00bbon\u00bb background_image=\u00bbhttps:\/\/asinteq.com\/wp-content\/uploads\/2021\/08\/Captura-de-pantalla-2021-08-03-a-las-13.46.45.png\u00bb background_enable_image=\u00bbon\u00bb child_filter_brightness=\u00bb24%\u00bb child_filter_sepia=\u00bb83%\u00bb child_filter_opacity=\u00bb16%\u00bb child_filter_blur=\u00bb41px\u00bb locked=\u00bboff\u00bb sticky_transition=\u00bbon\u00bb] ASINTEQ, Tu proveedor de confianza [\/et_pb_slide][\/et_pb_fullwidth_slider][\/et_pb_section][et_pb_section fb_built=\u00bb1&#8243; _builder_version=\u00bb4.8.0&#8243; _module_preset=\u00bbdefault\u00bb use_background_color_gradient=\u00bbon\u00bb background_color_gradient_start=\u00bb#b1c6d8&#8243; background_color_gradient_end=\u00bb#ffffff\u00bb custom_margin=\u00bb-5px|||||\u00bb custom_padding=\u00bb13px||11px|||\u00bb][et_pb_row column_structure=\u00bb1_5,3_5,1_5&#8243; _builder_version=\u00bb4.8.0&#8243; _module_preset=\u00bbdefault\u00bb][et_pb_column type=\u00bb1_5&#8243; _builder_version=\u00bb4.8.0&#8243; _module_preset=\u00bbdefault\u00bb][\/et_pb_column][et_pb_column type=\u00bb3_5&#8243; _builder_version=\u00bb4.8.0&#8243; _module_preset=\u00bbdefault\u00bb][et_pb_text [&hellip;]<\/p>\n","protected":false},"author":1,"featured_media":0,"parent":0,"menu_order":0,"comment_status":"closed","ping_status":"closed","template":"","meta":{"_et_pb_use_builder":"on","_et_pb_old_content":"","_et_gb_content_width":""},"_links":{"self":[{"href":"https:\/\/asinteq.com\/index.php\/wp-json\/wp\/v2\/pages\/2872"}],"collection":[{"href":"https:\/\/asinteq.com\/index.php\/wp-json\/wp\/v2\/pages"}],"about":[{"href":"https:\/\/asinteq.com\/index.php\/wp-json\/wp\/v2\/types\/page"}],"author":[{"embeddable":true,"href":"https:\/\/asinteq.com\/index.php\/wp-json\/wp\/v2\/users\/1"}],"replies":[{"embeddable":true,"href":"https:\/\/asinteq.com\/index.php\/wp-json\/wp\/v2\/comments?post=2872"}],"version-history":[{"count":6,"href":"https:\/\/asinteq.com\/index.php\/wp-json\/wp\/v2\/pages\/2872\/revisions"}],"predecessor-version":[{"id":3122,"href":"https:\/\/asinteq.com\/index.php\/wp-json\/wp\/v2\/pages\/2872\/revisions\/3122"}],"wp:attachment":[{"href":"https:\/\/asinteq.com\/index.php\/wp-json\/wp\/v2\/media?parent=2872"}],"curies":[{"name":"wp","href":"https:\/\/api.w.org\/{rel}","templated":true}]}}